{"id":2,"date":"2021-11-19T09:46:41","date_gmt":"2021-11-19T08:46:41","guid":{"rendered":"http:\/\/wedzikowski.pl\/?page_id=2"},"modified":"2022-03-07T19:28:54","modified_gmt":"2022-03-07T18:28:54","slug":"strona-glowna","status":"publish","type":"page","link":"https:\/\/wedzikowski.pl\/","title":{"rendered":"Strona g\u0142\u00f3wna"},"content":{"rendered":"<p>[et_pb_section fb_built=&#8221;1&#8243; admin_label=&#8221;section&#8221; _builder_version=&#8221;3.22&#8243; custom_padding=&#8221;0px||0px|||&#8221; global_colors_info=&#8221;{}&#8221;][et_pb_row column_structure=&#8221;2_5,3_5&#8243; admin_label=&#8221;row&#8221; _builder_version=&#8221;4.14.2&#8243; background_size=&#8221;initial&#8221; background_position=&#8221;top_left&#8221; background_repeat=&#8221;repeat&#8221; width=&#8221;100%&#8221; max_width=&#8221;100%&#8221; custom_padding=&#8221;0px||0px|0px||&#8221; global_colors_info=&#8221;{}&#8221;][et_pb_column type=&#8221;2_5&#8243; _builder_version=&#8221;3.25&#8243; custom_padding=&#8221;|||&#8221; global_colors_info=&#8221;{}&#8221; custom_padding__hover=&#8221;|||&#8221;][et_pb_text _builder_version=&#8221;4.14.8&#8243; _module_preset=&#8221;default&#8221; header_font_size=&#8221;55px&#8221; width=&#8221;100%&#8221; module_alignment=&#8221;left&#8221; custom_padding=&#8221;100px|||100px|false|false&#8221; hover_enabled=&#8221;0&#8243; global_colors_info=&#8221;{}&#8221; header_font_size_last_edited=&#8221;on|phone&#8221; sticky_enabled=&#8221;0&#8243; header_font_size_phone=&#8221;40px&#8221; custom_padding_last_edited=&#8221;on|phone&#8221; custom_padding_phone=&#8221;50px|50px|50px|50px|true|true&#8221; header_font_size_tablet=&#8221;55px&#8221; custom_padding_tablet=&#8221;100px|||100px|false|false&#8221;]<\/p>\n<h1>TRANSPORT<br \/>&amp;<br \/>SPEDYCJA<\/h1>\n<p>Nowoczesna flota<br \/>Na rynku od 2007 roku<br \/>Ponad 100 pracownik\u00f3w<\/p>\n<p>[\/et_pb_text][\/et_pb_column][et_pb_column type=&#8221;3_5&#8243; _builder_version=&#8221;3.25&#8243; custom_padding=&#8221;|||&#8221; global_colors_info=&#8221;{}&#8221; custom_padding__hover=&#8221;|||&#8221;][et_pb_image src=&#8221;http:\/\/www.wedzikowski.pl\/wp-content\/uploads\/2021\/12\/Wedzikowski1-scaled.jpeg&#8221; title_text=&#8221;Highway at sunset&#8221; _builder_version=&#8221;4.14.2&#8243; _module_preset=&#8221;default&#8221; global_colors_info=&#8221;{}&#8221;][\/et_pb_image][\/et_pb_column][\/et_pb_row][\/et_pb_section][et_pb_section fb_built=&#8221;1&#8243; admin_label=&#8221;section&#8221; _builder_version=&#8221;3.22&#8243; custom_padding=&#8221;0px||0px|||&#8221; global_colors_info=&#8221;{}&#8221;][et_pb_row column_structure=&#8221;1_2,1_2&#8243; use_custom_gutter=&#8221;on&#8221; gutter_width=&#8221;1&#8243; make_equal=&#8221;on&#8221; admin_label=&#8221;row&#8221; _builder_version=&#8221;4.14.2&#8243; background_size=&#8221;initial&#8221; background_position=&#8221;top_left&#8221; background_repeat=&#8221;repeat&#8221; width=&#8221;100%&#8221; max_width=&#8221;100%&#8221; custom_padding=&#8221;0px||0px|0px||&#8221; global_colors_info=&#8221;{}&#8221;][et_pb_column type=&#8221;1_2&#8243; _builder_version=&#8221;4.14.2&#8243; background_color=&#8221;#233161&#8243; custom_padding=&#8221;|||&#8221; global_colors_info=&#8221;{}&#8221; custom_padding__hover=&#8221;|||&#8221;][et_pb_text _builder_version=&#8221;4.14.8&#8243; _module_preset=&#8221;default&#8221; text_text_color=&#8221;#FFFFFF&#8221; header_text_color=&#8221;#FFFFFF&#8221; header_font_size=&#8221;41px&#8221; header_2_text_color=&#8221;#FFFFFF&#8221; width=&#8221;100%&#8221; module_alignment=&#8221;left&#8221; custom_padding=&#8221;100px|100px|100px|100px|true|true&#8221; hover_enabled=&#8221;0&#8243; global_colors_info=&#8221;{}&#8221; custom_padding_last_edited=&#8221;on|phone&#8221; custom_padding_phone=&#8221;50px|50px|50px|50px|true|true&#8221; sticky_enabled=&#8221;0&#8243; custom_padding_tablet=&#8221;100px|100px|100px|100px|true|true&#8221;]<\/p>\n<h2>Tabor<\/h2>\n<p>80% naszego taboru spe\u0142nia normy emisji spalin EURO 6 oraz pojazdy na LNG tylko na czysty GAZ<\/p>\n<p>Wszystkie samochody oraz naczepy wyposa\u017cone s\u0105 w system nawigacji satelitarnej GPS co umo\u017cliwia nam ci\u0105g\u0142y i bezpo\u015bredni monitoring realizacji transportu oraz zapewnienie wi\u0119kszego bezpiecze\u0144stwa przewo\u017conego \u0142adunku.<\/p>\n<p>[\/et_pb_text][\/et_pb_column][et_pb_column type=&#8221;1_2&#8243; _builder_version=&#8221;3.25&#8243; custom_padding=&#8221;|||&#8221; global_colors_info=&#8221;{}&#8221; custom_padding__hover=&#8221;|||&#8221;][et_pb_text _builder_version=&#8221;4.14.8&#8243; _module_preset=&#8221;default&#8221; header_font_size=&#8221;41px&#8221; width=&#8221;100%&#8221; module_alignment=&#8221;left&#8221; custom_padding=&#8221;100px|100px|100px|100px|true|true&#8221; hover_enabled=&#8221;0&#8243; global_colors_info=&#8221;{}&#8221; custom_padding_last_edited=&#8221;on|phone&#8221; custom_padding_phone=&#8221;51px|50px|51px|50px|true|true&#8221; sticky_enabled=&#8221;0&#8243; custom_padding_tablet=&#8221;100px|100px|100px|100px|true|true&#8221;]<\/p>\n<p>W sk\u0142ad naszego taboru wchodz\u0105:<\/p>\n<p>\u2022 Naczepy typu Mega<br \/>\u2022 Naczepy typu Standart<br \/>\u2022 Naczepy typu COILMULDE z rynnami od 6 do 9m<br \/>\u2022 Naczepy typu Ch\u0142odnia<br \/>\u2022 Naczepy typu Izoterma<br \/>\u2022 Naczepy typu Wywrotki<br \/>\u2022 Naczepy niskopodwoziowe<br \/>\u2022 Zestawy 7.7 plus 7,7 wysokie 3m. 38paletowe<br \/>\u2022 BUS EXSPRES do 3,5 tony dmc<br \/>\u2022 Bus pow 3,5 tony dmc<br \/>\u2022 Solo z klapa samowy\u0142adowcza tzw wind\u0105<\/p>\n<p>[\/et_pb_text][\/et_pb_column][\/et_pb_row][\/et_pb_section][et_pb_section fb_built=&#8221;1&#8243; admin_label=&#8221;section&#8221; _builder_version=&#8221;3.22&#8243; custom_padding=&#8221;0px||0px|||&#8221; global_colors_info=&#8221;{}&#8221;][et_pb_row use_custom_gutter=&#8221;on&#8221; gutter_width=&#8221;1&#8243; make_equal=&#8221;on&#8221; admin_label=&#8221;row&#8221; _builder_version=&#8221;4.14.2&#8243; background_size=&#8221;initial&#8221; background_position=&#8221;top_left&#8221; background_repeat=&#8221;repeat&#8221; width=&#8221;100%&#8221; max_width=&#8221;100%&#8221; custom_padding=&#8221;0px||0px|0px||&#8221; global_colors_info=&#8221;{}&#8221;][et_pb_column type=&#8221;4_4&#8243; _builder_version=&#8221;3.25&#8243; custom_padding=&#8221;|||&#8221; global_colors_info=&#8221;{}&#8221; custom_padding__hover=&#8221;|||&#8221;][et_pb_image src=&#8221;https:\/\/wedzikowski.pl\/wp-content\/uploads\/2021\/12\/AdobeStock_376393174-scaled.jpeg&#8221; title_text=&#8221;Concept of truck insurance&#8221; _builder_version=&#8221;4.14.2&#8243; _module_preset=&#8221;default&#8221; global_colors_info=&#8221;{}&#8221;][\/et_pb_image][\/et_pb_column][\/et_pb_row][\/et_pb_section][et_pb_section fb_built=&#8221;1&#8243; admin_label=&#8221;section&#8221; _builder_version=&#8221;3.22&#8243; custom_padding=&#8221;0px||0px|||&#8221; global_colors_info=&#8221;{}&#8221;][et_pb_row use_custom_gutter=&#8221;on&#8221; gutter_width=&#8221;1&#8243; make_equal=&#8221;on&#8221; admin_label=&#8221;row&#8221; _builder_version=&#8221;4.14.2&#8243; background_size=&#8221;initial&#8221; background_position=&#8221;top_left&#8221; background_repeat=&#8221;repeat&#8221; width=&#8221;100%&#8221; max_width=&#8221;100%&#8221; custom_padding=&#8221;0px||0px|0px||&#8221; global_colors_info=&#8221;{}&#8221;][et_pb_column type=&#8221;4_4&#8243; _builder_version=&#8221;3.25&#8243; custom_padding=&#8221;|||&#8221; global_colors_info=&#8221;{}&#8221; custom_padding__hover=&#8221;|||&#8221;][et_pb_text _builder_version=&#8221;4.14.8&#8243; _module_preset=&#8221;default&#8221; header_font_size=&#8221;41px&#8221; width=&#8221;100%&#8221; module_alignment=&#8221;left&#8221; custom_padding=&#8221;50px|100px|50px|100px|true|true&#8221; hover_enabled=&#8221;0&#8243; global_colors_info=&#8221;{}&#8221; custom_padding_last_edited=&#8221;on|phone&#8221; sticky_enabled=&#8221;0&#8243; custom_padding_phone=&#8221;|50px||50px|true|true&#8221; custom_padding_tablet=&#8221;50px|100px|50px|100px|true|true&#8221;]<\/p>\n<h2><strong>Transport<\/strong><\/h2>\n<p>Oferta Og\u00f3lna na organizacj\u0119 transportu mi\u0119dzynarodowego\/krajowego<\/p>\n<p>[\/et_pb_text][\/et_pb_column][\/et_pb_row][\/et_pb_section][et_pb_section fb_built=&#8221;1&#8243; admin_label=&#8221;section&#8221; _builder_version=&#8221;3.22&#8243; custom_padding=&#8221;0px||0px|||&#8221; global_colors_info=&#8221;{}&#8221;][et_pb_row column_structure=&#8221;1_3,1_3,1_3&#8243; use_custom_gutter=&#8221;on&#8221; gutter_width=&#8221;1&#8243; make_equal=&#8221;on&#8221; admin_label=&#8221;row&#8221; _builder_version=&#8221;4.14.2&#8243; background_size=&#8221;initial&#8221; background_position=&#8221;top_left&#8221; background_repeat=&#8221;repeat&#8221; width=&#8221;100%&#8221; max_width=&#8221;100%&#8221; custom_padding=&#8221;0px||0px|0px||&#8221; global_colors_info=&#8221;{}&#8221;][et_pb_column type=&#8221;1_3&#8243; _builder_version=&#8221;4.14.2&#8243; background_color=&#8221;#233161&#8243; custom_padding=&#8221;|||&#8221; global_colors_info=&#8221;{}&#8221; custom_padding__hover=&#8221;|||&#8221;][et_pb_text _builder_version=&#8221;4.14.8&#8243; _module_preset=&#8221;default&#8221; text_text_color=&#8221;#FFFFFF&#8221; header_font_size=&#8221;41px&#8221; header_3_font=&#8221;|||on|||||&#8221; header_3_text_color=&#8221;#FFFFFF&#8221; header_3_font_size=&#8221;30px&#8221; width=&#8221;100%&#8221; module_alignment=&#8221;left&#8221; custom_padding=&#8221;100px|100px|100px|100px|true|true&#8221; hover_enabled=&#8221;0&#8243; global_colors_info=&#8221;{}&#8221; sticky_enabled=&#8221;0&#8243; custom_padding_last_edited=&#8221;on|phone&#8221; custom_padding_phone=&#8221;50px|50px|50px|50px|true|true&#8221; custom_padding_tablet=&#8221;100px|100px|100px|100px|true|true&#8221;]<\/p>\n<h3 style=\"padding: 0px 0px 15px 0px;\">od 2007 roku<\/h3>\n<p>Marka W\u0119dzikowski jest obecna na polskim rynku us\u0142ug transportowo-spedycyjnych od 2007 roku, jednak korzenie Grupy W\u0119dzikowski si\u0119gaj\u0105 znacznie dalej.<\/p>\n<p>Grupa W\u0119dzikowski zatrudnia obecnie 100 os\u00f3b. Lata do\u015bwiadcze\u0144 w organizowaniu przewoz\u00f3w drogowych ugruntowa\u0142y firm\u0119 na pozycji solidnego i godnego zaufania partnera biznesowego. Drobnica, przewozy ca\u0142opojazdowe, tranzyt po Europie lub przez Polsk\u0119, organizacja drogowych przewoz\u00f3w kombinowanych, dystrybucja towar\u00f3w w ramach og\u00f3lnokrajowego systemu oraz pe\u0142ne spektrum us\u0142ug magazynowych &#8211; nie ma zadania, kt\u00f3rego grupa naszych ekspert\u00f3w nie jest w stanie zrealizowa\u0107.<\/p>\n<p>[\/et_pb_text][\/et_pb_column][et_pb_column type=&#8221;1_3&#8243; _builder_version=&#8221;4.14.2&#8243; background_color=&#8221;rgba(35,49,97,0.9)&#8221; custom_padding=&#8221;|||&#8221; global_colors_info=&#8221;{}&#8221; custom_padding__hover=&#8221;|||&#8221;][et_pb_text _builder_version=&#8221;4.14.8&#8243; _module_preset=&#8221;default&#8221; text_text_color=&#8221;#FFFFFF&#8221; header_font_size=&#8221;41px&#8221; header_3_font=&#8221;|||on|||||&#8221; header_3_text_color=&#8221;#FFFFFF&#8221; header_3_font_size=&#8221;30px&#8221; width=&#8221;100%&#8221; module_alignment=&#8221;left&#8221; custom_padding=&#8221;100px|100px|100px|100px|true|true&#8221; hover_enabled=&#8221;0&#8243; global_colors_info=&#8221;{}&#8221; custom_padding_last_edited=&#8221;on|phone&#8221; custom_padding_phone=&#8221;50px|50px|50px|50px|true|true&#8221; sticky_enabled=&#8221;0&#8243; custom_padding_tablet=&#8221;100px|100px|100px|100px|true|true&#8221;]<\/p>\n<h3 style=\"padding: 0px 0px 15px 0px;\">60 zestaw\u00f3w ldm<\/h3>\n<p>Grupa W\u0119dzikowski dysponuj\u0119 liczb\u0105 60 zestaw\u00f3w 13,6 LDM z przewag\u0105 specjalistycznych naczep typu &#8222;coilmulde&#8221; o \u0142adowno\u015bci do 27t. Elastyczne podej\u015bcie do Naszych Klient\u00f3w pozwala rozwi\u0105zywa\u0107 wszystkie ich problemy, a nacisk na ci\u0105g\u0142y rozw\u00f3j skutkuje sta\u0142ym rozbudowywaniem i unowocze\u015bnianiem naszej floty. Ci\u0105g\u0142y monitoring GPS wszystkich pojazd\u00f3w zapewnia bezpiecze\u0144stwo i terminowo\u015b\u0107 realizacji wszystkich zlece\u0144.<\/p>\n<p>[\/et_pb_text][\/et_pb_column][et_pb_column type=&#8221;1_3&#8243; _builder_version=&#8221;4.14.2&#8243; background_color=&#8221;rgba(35,49,97,0.8)&#8221; custom_padding=&#8221;|||&#8221; global_colors_info=&#8221;{}&#8221; custom_padding__hover=&#8221;|||&#8221;][et_pb_text _builder_version=&#8221;4.14.8&#8243; _module_preset=&#8221;default&#8221; text_text_color=&#8221;#FFFFFF&#8221; header_font_size=&#8221;41px&#8221; header_3_font=&#8221;|||on|||||&#8221; header_3_text_color=&#8221;#FFFFFF&#8221; header_3_font_size=&#8221;30px&#8221; width=&#8221;100%&#8221; module_alignment=&#8221;left&#8221; custom_padding=&#8221;100px|100px|100px|100px|true|true&#8221; hover_enabled=&#8221;0&#8243; global_colors_info=&#8221;{}&#8221; custom_padding_last_edited=&#8221;on|phone&#8221; custom_padding_phone=&#8221;50px|50px|50px|50px|true|true&#8221; sticky_enabled=&#8221;0&#8243; custom_padding_tablet=&#8221;100px|100px|100px|100px|true|true&#8221;]<\/p>\n<h3 style=\"padding: 0px 0px 15px 0px;\">KONSULTACJE<\/h3>\n<p>Wszystko to pozwala nam stale wychodzi\u0107 naprzeciw wymaganiom Naszych Klient\u00f3w<\/p>\n<p>Powy\u017csza wizyt\u00f3wka przedstawia jedynie og\u00f3lny zarys dzia\u0142alno\u015bci Grupy W\u0119dzikowski w Polsce. W razie zainteresowania nasz\u0105 ofert\u0105 proponujemy rozmow\u0119 lub bezpo\u015brednie spotkanie z naszymi konsultantami.<\/p>\n<p>Mamy nadziej\u0119, \u017ce przedstawione propozycje spe\u0142ni\u0105 Pa\u0144stwa oczekiwania i liczymy ma d\u0142ugotrwa\u0142\u0105 i owocn\u0105 wsp\u00f3\u0142prac\u0119.<\/p>\n<p>[\/et_pb_text][\/et_pb_column][\/et_pb_row][\/et_pb_section][et_pb_section fb_built=&#8221;1&#8243; admin_label=&#8221;section&#8221; _builder_version=&#8221;4.14.2&#8243; background_enable_color=&#8221;off&#8221; background_enable_image=&#8221;off&#8221; custom_padding=&#8221;0px||0px|||&#8221; global_colors_info=&#8221;{}&#8221;][et_pb_row column_structure=&#8221;3_5,2_5&#8243; use_custom_gutter=&#8221;on&#8221; gutter_width=&#8221;1&#8243; make_equal=&#8221;on&#8221; admin_label=&#8221;row&#8221; _builder_version=&#8221;4.14.2&#8243; background_size=&#8221;initial&#8221; background_position=&#8221;top_left&#8221; background_repeat=&#8221;repeat&#8221; width=&#8221;100%&#8221; max_width=&#8221;100%&#8221; custom_padding=&#8221;0px||0px|0px||&#8221; global_colors_info=&#8221;{}&#8221;][et_pb_column type=&#8221;3_5&#8243; _builder_version=&#8221;3.25&#8243; custom_padding=&#8221;|||&#8221; global_colors_info=&#8221;{}&#8221; custom_padding__hover=&#8221;|||&#8221;][et_pb_image src=&#8221;https:\/\/wedzikowski.pl\/wp-content\/uploads\/2021\/12\/AdobeStock_120041520-scaled.jpeg&#8221; title_text=&#8221;Semi Truck Spedition&#8221; _builder_version=&#8221;4.14.2&#8243; _module_preset=&#8221;default&#8221; global_colors_info=&#8221;{}&#8221;][\/et_pb_image][\/et_pb_column][et_pb_column type=&#8221;2_5&#8243; _builder_version=&#8221;3.25&#8243; custom_padding=&#8221;|||&#8221; global_colors_info=&#8221;{}&#8221; custom_padding__hover=&#8221;|||&#8221;][et_pb_text _builder_version=&#8221;4.14.8&#8243; _module_preset=&#8221;default&#8221; custom_padding=&#8221;100px|100px|100px|100px|true|true&#8221; hover_enabled=&#8221;0&#8243; global_colors_info=&#8221;{}&#8221; custom_padding_last_edited=&#8221;on|phone&#8221; custom_padding_phone=&#8221;50px|50px|50px|50px|true|true&#8221; sticky_enabled=&#8221;0&#8243; custom_padding_tablet=&#8221;100px|100px|100px|100px|true|true&#8221;]<\/p>\n<h2>Serwis<\/h2>\n<p>W\u0142asny serwis i bardzo du\u017ce do\u015bwiadczenie w zakresie serwisowania pojazd\u00f3w ci\u0119\u017carowych pozwala nam utrzyma\u0107 tabor w doskona\u0142ym stanie techniczynym.<em><\/em><\/p>\n<ul>\n<li>naprawy bie\u017c\u0105ce<\/li>\n<li>naprawa uk\u0142ad\u00f3w hamulcowych<\/li>\n<li>naprawa osi i zawiesze\u0144<\/li>\n<li>przegl\u0105dy podstawowe i kompletne<\/li>\n<li>sprzeda\u017c cz\u0119\u015bci zamiennych<\/li>\n<\/ul>\n<p>[\/et_pb_text][\/et_pb_column][\/et_pb_row][\/et_pb_section][et_pb_section fb_built=&#8221;1&#8243; admin_label=&#8221;section&#8221; _builder_version=&#8221;4.14.2&#8243; custom_padding=&#8221;0px||0px|||&#8221; global_colors_info=&#8221;{}&#8221;][et_pb_row column_structure=&#8221;1_3,1_3,1_3&#8243; use_custom_gutter=&#8221;on&#8221; gutter_width=&#8221;1&#8243; make_equal=&#8221;on&#8221; admin_label=&#8221;row&#8221; _builder_version=&#8221;4.14.2&#8243; background_size=&#8221;initial&#8221; background_position=&#8221;top_left&#8221; background_repeat=&#8221;repeat&#8221; width=&#8221;100%&#8221; max_width=&#8221;100%&#8221; custom_padding=&#8221;0px||0px|0px||&#8221; global_colors_info=&#8221;{}&#8221;][et_pb_column type=&#8221;1_3&#8243; _builder_version=&#8221;3.25&#8243; custom_padding=&#8221;|||&#8221; global_colors_info=&#8221;{}&#8221; custom_padding__hover=&#8221;|||&#8221;][et_pb_text _builder_version=&#8221;4.14.8&#8243; _module_preset=&#8221;default&#8221; header_font_size=&#8221;41px&#8221; width=&#8221;100%&#8221; module_alignment=&#8221;left&#8221; custom_padding=&#8221;100px|100px|100px|100px|true|true&#8221; hover_enabled=&#8221;0&#8243; global_colors_info=&#8221;{}&#8221; custom_padding_last_edited=&#8221;on|phone&#8221; custom_padding_phone=&#8221;50px|50px|50px|50px|true|true&#8221; sticky_enabled=&#8221;0&#8243; custom_padding_tablet=&#8221;100px|100px|100px|100px|true|true&#8221;]<\/p>\n<h2>Spedycja<\/h2>\n<p>W ramach us\u0142ug spedycyjnych organizujemy mi\u0119dzy innymi:<\/p>\n<ul>\n<li>transport ca\u0142opojazdowy<\/li>\n<li>\u0142adunki cz\u0119\u015bciowe i drobnicowe<\/li>\n<li>transport \u0142adunk\u00f3w niebezpiecznych (ADR)<\/li>\n<li>transport \u0142adunk\u00f3w wymagaj\u0105cych kontrolowanej temperatury<\/li>\n<li>transport ponadgabarytowy<\/li>\n<\/ul>\n<p>[\/et_pb_text][\/et_pb_column][et_pb_column type=&#8221;1_3&#8243; _builder_version=&#8221;4.14.2&#8243; background_color=&#8221;#233161&#8243; custom_padding=&#8221;|||&#8221; global_colors_info=&#8221;{}&#8221; custom_padding__hover=&#8221;|||&#8221;][et_pb_text _builder_version=&#8221;4.14.8&#8243; _module_preset=&#8221;default&#8221; text_text_color=&#8221;#FFFFFF&#8221; header_text_color=&#8221;#FFFFFF&#8221; header_font_size=&#8221;41px&#8221; header_2_text_color=&#8221;#FFFFFF&#8221; width=&#8221;100%&#8221; module_alignment=&#8221;left&#8221; custom_padding=&#8221;100px|100px|100px|100px|true|true&#8221; hover_enabled=&#8221;0&#8243; global_colors_info=&#8221;{}&#8221; custom_padding_last_edited=&#8221;on|phone&#8221; custom_padding_phone=&#8221;50px|50px|50px|50px|true|true&#8221; sticky_enabled=&#8221;0&#8243; custom_padding_tablet=&#8221;100px|100px|100px|100px|true|true&#8221;]<\/p>\n<h2>Logistyka<\/h2>\n<p><span>Posiadamy w\u0142asne magazyny o \u0142\u0105cznej powierzchni 3000m2 co umo\u017cliwia nam prze\u0142adunki oraz sk\u0142adowanie materia\u0142\u00f3w transportowych<\/span><em>.<\/em><\/p>\n<p>[\/et_pb_text][\/et_pb_column][et_pb_column type=&#8221;1_3&#8243; _builder_version=&#8221;4.14.2&#8243; background_enable_color=&#8221;off&#8221; custom_padding=&#8221;|||&#8221; global_colors_info=&#8221;{}&#8221; custom_padding__hover=&#8221;|||&#8221;][et_pb_text _builder_version=&#8221;4.14.8&#8243; _module_preset=&#8221;default&#8221; header_font_size=&#8221;41px&#8221; width=&#8221;100%&#8221; module_alignment=&#8221;left&#8221; custom_padding=&#8221;100px|100px|100px|100px|true|true&#8221; hover_enabled=&#8221;0&#8243; global_colors_info=&#8221;{}&#8221; custom_padding_last_edited=&#8221;on|phone&#8221; custom_padding_phone=&#8221;50px|50px|50px|50px|true|true&#8221; sticky_enabled=&#8221;0&#8243; custom_padding_tablet=&#8221;100px|100px|100px|100px|true|true&#8221;]<\/p>\n<h2>Pozosta\u0142a dzia\u0142alno\u015b\u0107<\/h2>\n<p>Opr\u00f3cz Transportu oraz spedycji prowadzimy tak\u017ce us\u0142ugi:<\/p>\n<ul>\n<li>za\u0142adunek wraz z transportem burak\u00f3w cukrowych<\/li>\n<li>us\u0142ugi koparko-\u0142adowarka JCB3CX CONTRACTOR<\/li>\n<li>us\u0142ugi \u0142adowarka teleskopowa 9 metrowa<\/li>\n<li>us\u0142ugi dla rolnictwa wszelkimi maszynami rolniczymi<\/li>\n<li>us\u0142ugi zamiatarkami drogowymi<\/li>\n<li>us\u0142ugi beczkowozami 10.000 L<\/li>\n<li>od\u015bnie\u017canie dr\u00f3g<\/li>\n<\/ul>\n<p>[\/et_pb_text][\/et_pb_column][\/et_pb_row][\/et_pb_section][et_pb_section fb_built=&#8221;1&#8243; admin_label=&#8221;section&#8221; _builder_version=&#8221;3.22&#8243; custom_padding=&#8221;0px||0px|||&#8221; global_colors_info=&#8221;{}&#8221;][et_pb_row use_custom_gutter=&#8221;on&#8221; gutter_width=&#8221;1&#8243; make_equal=&#8221;on&#8221; admin_label=&#8221;row&#8221; _builder_version=&#8221;4.14.2&#8243; background_size=&#8221;initial&#8221; background_position=&#8221;top_left&#8221; background_repeat=&#8221;repeat&#8221; width=&#8221;100%&#8221; max_width=&#8221;100%&#8221; custom_padding=&#8221;0px||0px|0px||&#8221; global_colors_info=&#8221;{}&#8221;][et_pb_column type=&#8221;4_4&#8243; _builder_version=&#8221;3.25&#8243; custom_padding=&#8221;|||&#8221; global_colors_info=&#8221;{}&#8221; custom_padding__hover=&#8221;|||&#8221;][et_pb_image src=&#8221;https:\/\/wedzikowski.pl\/wp-content\/uploads\/2021\/12\/AdobeStock_134791994-scaled.jpeg&#8221; title_text=&#8221;White trucks passing through tollgates on the highway winding th&#8221; _builder_version=&#8221;4.14.2&#8243; _module_preset=&#8221;default&#8221; global_colors_info=&#8221;{}&#8221;][\/et_pb_image][\/et_pb_column][\/et_pb_row][\/et_pb_section]<\/p>\n","protected":false},"excerpt":{"rendered":"<p>TRANSPORT&amp;SPEDYCJA Nowoczesna flotaNa rynku od 2007 rokuPonad 100 pracownik\u00f3wTabor 80% naszego taboru spe\u0142nia normy emisji spalin EURO 6 oraz pojazdy na LNG tylko na czysty GAZ Wszystkie samochody oraz naczepy wyposa\u017cone s\u0105 w system nawigacji satelitarnej GPS co umo\u017cliwia nam ci\u0105g\u0142y i bezpo\u015bredni monitoring realizacji transportu oraz zapewnienie wi\u0119kszego bezpiecze\u0144stwa przewo\u017conego \u0142adunku.W sk\u0142ad naszego taboru [&hellip;]<\/p>\n","protected":false},"author":1,"featured_media":0,"parent":0,"menu_order":0,"comment_status":"closed","ping_status":"closed","template":"","meta":{"_et_pb_use_builder":"on","_et_pb_old_content":"<!-- wp:paragraph -->\n<p>Przyk\u0142adowa strona. Strony s\u0105 inne ni\u017c wpisy na blogu, poniewa\u017c nie tylko znajduj\u0105 si\u0119 zawsze w jednym miejscu, ale tak\u017ce pojawiaj\u0105 si\u0119 w menu witryny (w wi\u0119kszo\u015bci motyw\u00f3w). Wi\u0119kszo\u015b\u0107 u\u017cytkownik\u00f3w zaczyna od strony z informacjami o sobie, kt\u00f3ra zapozna ich przed odwiedzaj\u0105cymi witryn\u0119. Taka strona mo\u017ce zawiera\u0107 na przyk\u0142ad tak\u0105 tre\u015b\u0107:<\/p>\n<!-- \/wp:paragraph -->\n\n<!-- wp:quote -->\n<blockquote class=\"wp-block-quote\"><p>Cze\u015b\u0107! Za dnia jestem kurierem rowerowym, noc\u0105 pr\u00f3buj\u0119 swoich si\u0142 w aktorstwie, a to jest moja witryna. Mieszkam w Krakowie, mam wspania\u0142ego psa kt\u00f3ry wabi si\u0119 Reks i lubi\u0119 pi\u00f1a colad\u0119 (oraz spacery, gdy pada deszcz).<\/p><\/blockquote>\n<!-- \/wp:quote -->\n\n<!-- wp:paragraph -->\n<p>...albo co\u015b takiego:<\/p>\n<!-- \/wp:paragraph -->\n\n<!-- wp:quote -->\n<blockquote class=\"wp-block-quote\"><p>Firma XYZ Doohickey zosta\u0142a za\u0142o\u017cona w 1971 roku i od tamtej pory dostarcza spo\u0142ecze\u0144stwu dobrej jako\u015bci gad\u017cety. Znajduj\u0105ca si\u0119 w Gotham City XYZ zatrudnia ponad 2000 os\u00f3b i robi niesamowite rzeczy dla spo\u0142eczno\u015bci Gotham.<\/p><\/blockquote>\n<!-- \/wp:quote -->\n\n<!-- wp:paragraph -->\n<p>Jako nowy u\u017cytkownik WordPressa, powiniene\u015b przej\u015b\u0107 do <a href=\"http:\/\/asia.atcomp.nazwa.pl\/wp-admin\/\">swojego kokpitu<\/a> aby usun\u0105\u0107 t\u0119 stron\u0119 i stworzy\u0107 nowe z w\u0142asn\u0105 tre\u015bci\u0105. Dobrej zabawy!<\/p>\n<!-- \/wp:paragraph -->","_et_gb_content_width":"","footnotes":""},"_links":{"self":[{"href":"https:\/\/wedzikowski.pl\/index.php?rest_route=\/wp\/v2\/pages\/2"}],"collection":[{"href":"https:\/\/wedzikowski.pl\/index.php?rest_route=\/wp\/v2\/pages"}],"about":[{"href":"https:\/\/wedzikowski.pl\/index.php?rest_route=\/wp\/v2\/types\/page"}],"author":[{"embeddable":true,"href":"https:\/\/wedzikowski.pl\/index.php?rest_route=\/wp\/v2\/users\/1"}],"replies":[{"embeddable":true,"href":"https:\/\/wedzikowski.pl\/index.php?rest_route=%2Fwp%2Fv2%2Fcomments&post=2"}],"version-history":[{"count":10,"href":"https:\/\/wedzikowski.pl\/index.php?rest_route=\/wp\/v2\/pages\/2\/revisions"}],"predecessor-version":[{"id":296,"href":"https:\/\/wedzikowski.pl\/index.php?rest_route=\/wp\/v2\/pages\/2\/revisions\/296"}],"wp:attachment":[{"href":"https:\/\/wedzikowski.pl\/index.php?rest_route=%2Fwp%2Fv2%2Fmedia&parent=2"}],"curies":[{"name":"wp","href":"https:\/\/api.w.org\/{rel}","templated":true}]}}