{"id":24,"date":"2021-12-12T21:07:45","date_gmt":"2021-12-12T20:07:45","guid":{"rendered":"http:\/\/wedzikowski.pl\/?page_id=24"},"modified":"2022-03-07T19:34:13","modified_gmt":"2022-03-07T18:34:13","slug":"kontakt","status":"publish","type":"page","link":"https:\/\/wedzikowski.pl\/?page_id=24","title":{"rendered":"Kontakt"},"content":{"rendered":"<p>[et_pb_section fb_built=&#8221;1&#8243; admin_label=&#8221;section&#8221; _builder_version=&#8221;3.22&#8243; custom_padding=&#8221;0px||0px|||&#8221; global_colors_info=&#8221;{}&#8221;][et_pb_row column_structure=&#8221;2_5,3_5&#8243; admin_label=&#8221;row&#8221; _builder_version=&#8221;4.14.2&#8243; background_size=&#8221;initial&#8221; background_position=&#8221;top_left&#8221; background_repeat=&#8221;repeat&#8221; width=&#8221;100%&#8221; max_width=&#8221;100%&#8221; custom_padding=&#8221;0px||0px|0px||&#8221; global_colors_info=&#8221;{}&#8221;][et_pb_column type=&#8221;2_5&#8243; _builder_version=&#8221;3.25&#8243; custom_padding=&#8221;|||&#8221; global_colors_info=&#8221;{}&#8221; custom_padding__hover=&#8221;|||&#8221;][et_pb_text _builder_version=&#8221;4.14.8&#8243; _module_preset=&#8221;default&#8221; header_font_size=&#8221;55px&#8221; width=&#8221;100%&#8221; module_alignment=&#8221;left&#8221; custom_padding=&#8221;100px|||100px|false|false&#8221; hover_enabled=&#8221;0&#8243; global_colors_info=&#8221;{}&#8221; custom_padding_last_edited=&#8221;on|phone&#8221; custom_padding_phone=&#8221;30px|30px|30px|30px|true|true&#8221; header_font_size_last_edited=&#8221;on|phone&#8221; header_font_size_phone=&#8221;40px&#8221; sticky_enabled=&#8221;0&#8243; custom_padding_tablet=&#8221;100px|||100px|false|false&#8221; header_font_size_tablet=&#8221;55px&#8221;]<\/p>\n<h1>KONTAKT<\/h1>\n<p>[\/et_pb_text][\/et_pb_column][et_pb_column type=&#8221;3_5&#8243; _builder_version=&#8221;3.25&#8243; custom_padding=&#8221;|||&#8221; global_colors_info=&#8221;{}&#8221; custom_padding__hover=&#8221;|||&#8221;][et_pb_image src=&#8221;http:\/\/asia.atcomp.nazwa.pl\/wp-content\/uploads\/2021\/12\/AdobeStock_138526975-scaled.jpeg&#8221; title_text=&#8221;Young female driver sitting in cabin of big modern truck&#8221; _builder_version=&#8221;4.14.2&#8243; _module_preset=&#8221;default&#8221; global_colors_info=&#8221;{}&#8221;][\/et_pb_image][\/et_pb_column][\/et_pb_row][\/et_pb_section][et_pb_section fb_built=&#8221;1&#8243; admin_label=&#8221;section&#8221; _builder_version=&#8221;3.22&#8243; custom_padding=&#8221;0px||0px|||&#8221; global_colors_info=&#8221;{}&#8221;][et_pb_row column_structure=&#8221;1_3,1_3,1_3&#8243; use_custom_gutter=&#8221;on&#8221; gutter_width=&#8221;1&#8243; make_equal=&#8221;on&#8221; admin_label=&#8221;row&#8221; _builder_version=&#8221;4.14.2&#8243; background_size=&#8221;initial&#8221; background_position=&#8221;top_left&#8221; background_repeat=&#8221;repeat&#8221; width=&#8221;100%&#8221; max_width=&#8221;100%&#8221; custom_padding=&#8221;0px||0px|0px||&#8221; global_colors_info=&#8221;{}&#8221;][et_pb_column type=&#8221;1_3&#8243; _builder_version=&#8221;4.14.2&#8243; background_color=&#8221;#233161&#8243; custom_padding=&#8221;|||&#8221; global_colors_info=&#8221;{}&#8221; custom_padding__hover=&#8221;|||&#8221;][et_pb_text _builder_version=&#8221;4.14.8&#8243; _module_preset=&#8221;default&#8221; text_text_color=&#8221;#FFFFFF&#8221; link_text_color=&#8221;#FFFFFF&#8221; header_font_size=&#8221;41px&#8221; header_3_font=&#8221;|||on|||||&#8221; header_3_text_color=&#8221;#FFFFFF&#8221; header_3_font_size=&#8221;30px&#8221; width=&#8221;100%&#8221; module_alignment=&#8221;left&#8221; custom_padding=&#8221;100px|100px|100px|100px|true|true&#8221; hover_enabled=&#8221;0&#8243; global_colors_info=&#8221;{}&#8221; custom_padding_last_edited=&#8221;on|phone&#8221; custom_padding_phone=&#8221;50px|50px|50px|50px|true|true&#8221; sticky_enabled=&#8221;0&#8243; custom_padding_tablet=&#8221;100px|100px|100px|100px|true|true&#8221;]<\/p>\n<h3 style=\"padding: 0px 0px 15px 0px;\"><span>Transport Spedycja<\/span><\/h3>\n<p>Tel. +48 697 700 391<br \/>Tel. +48 603 377 332<br \/>Tel. +48 693 377 377<br \/>Tel. +48 607 477 677<\/p>\n<p>Fax +48 61 427 46 65<\/p>\n<p>E-mail:<span>\u00a0<\/span><a href=\"mailto:biuro@wedzikowski.pl\">biuro@wedzikowski.pl<\/a><\/p>\n<p>[\/et_pb_text][\/et_pb_column][et_pb_column type=&#8221;1_3&#8243; _builder_version=&#8221;4.14.2&#8243; background_color=&#8221;rgba(35,49,97,0.9)&#8221; custom_padding=&#8221;|||&#8221; global_colors_info=&#8221;{}&#8221; custom_padding__hover=&#8221;|||&#8221;][et_pb_text _builder_version=&#8221;4.14.8&#8243; _module_preset=&#8221;default&#8221; text_text_color=&#8221;#FFFFFF&#8221; link_text_color=&#8221;#FFFFFF&#8221; header_font_size=&#8221;41px&#8221; header_3_font=&#8221;|||on|||||&#8221; header_3_text_color=&#8221;#FFFFFF&#8221; header_3_font_size=&#8221;30px&#8221; width=&#8221;100%&#8221; module_alignment=&#8221;left&#8221; custom_padding=&#8221;100px|100px|100px|100px|true|true&#8221; hover_enabled=&#8221;0&#8243; global_colors_info=&#8221;{}&#8221; custom_padding_last_edited=&#8221;on|phone&#8221; custom_padding_phone=&#8221;50px|50px|50px|50px|true|true&#8221; sticky_enabled=&#8221;0&#8243; disabled_on=&#8221;off|on|on&#8221; custom_padding_tablet=&#8221;100px|100px|100px|100px|true|true&#8221;]<\/p>\n<h3>Magazyny<\/h3>\n<p>Telefon:<\/p>\n<p>+48 603 377 377<\/p>\n<p>E-mail:<\/p>\n<p><a href=\"mailto:Bartlomiej@wedzikowski.pl\">bartlomiej@wedzikowski.pl<\/a><\/p>\n<p>[\/et_pb_text][et_pb_text _builder_version=&#8221;4.14.8&#8243; _module_preset=&#8221;default&#8221; text_text_color=&#8221;#FFFFFF&#8221; link_text_color=&#8221;#FFFFFF&#8221; header_font_size=&#8221;41px&#8221; header_3_font=&#8221;|||on|||||&#8221; header_3_text_color=&#8221;#FFFFFF&#8221; header_3_font_size=&#8221;30px&#8221; width=&#8221;100%&#8221; module_alignment=&#8221;left&#8221; custom_padding=&#8221;100px|100px|100px|100px|true|true&#8221; hover_enabled=&#8221;0&#8243; global_colors_info=&#8221;{}&#8221; custom_padding_last_edited=&#8221;on|phone&#8221; custom_padding_phone=&#8221;50px|50px|50px|50px|true|true&#8221; sticky_enabled=&#8221;0&#8243; disabled_on=&#8221;on|off|off&#8221; custom_padding_tablet=&#8221;100px|100px|100px|100px|true|true&#8221;]<\/p>\n<h3>Magazyny<\/h3>\n<p>Tel. +48 603 377 377<\/p>\n<p>E-mail:<span>\u00a0<\/span><a href=\"mailto:Bartlomiej@wedzikowski.pl\">bartlomiej@wedzikowski.pl<\/a><\/p>\n<p>[\/et_pb_text][\/et_pb_column][et_pb_column type=&#8221;1_3&#8243; _builder_version=&#8221;4.14.2&#8243; background_color=&#8221;rgba(35,49,97,0.8)&#8221; custom_padding=&#8221;|||&#8221; global_colors_info=&#8221;{}&#8221; custom_padding__hover=&#8221;|||&#8221;][et_pb_text _builder_version=&#8221;4.14.8&#8243; _module_preset=&#8221;default&#8221; text_text_color=&#8221;#FFFFFF&#8221; link_text_color=&#8221;#FFFFFF&#8221; header_font_size=&#8221;41px&#8221; header_3_font=&#8221;|||on|||||&#8221; header_3_text_color=&#8221;#FFFFFF&#8221; header_3_font_size=&#8221;30px&#8221; width=&#8221;100%&#8221; module_alignment=&#8221;left&#8221; custom_padding=&#8221;100px|100px|100px|100px|true|true&#8221; hover_enabled=&#8221;0&#8243; global_colors_info=&#8221;{}&#8221; custom_padding_last_edited=&#8221;on|phone&#8221; custom_padding_phone=&#8221;50px|50px|50px|50px|true|true&#8221; sticky_enabled=&#8221;0&#8243; custom_padding_tablet=&#8221;100px|100px|100px|100px|true|true&#8221;]<\/p>\n<h3>Us\u0142ugi maszynami budowlanymi<\/h3>\n<p>Tel. +48 697 700 391<\/p>\n<p>E-mail:<span>\u00a0<\/span><a href=\"mailto:Szymon@wedzikowski.pl\">szymon@wedzikowski.pl<\/a><\/p>\n<p><span><strong>Dane<\/strong><br \/><\/span>W\u0119dzikowski Sp. z o.o.<br \/>Fa\u0142kowo 21a<br \/>62-262 Fa\u0142kowo<br \/>NIP: 784-24-67-050<br \/>NIP UE: PL7842467050<\/p>\n<p>[\/et_pb_text][\/et_pb_column][\/et_pb_row][\/et_pb_section]<\/p>\n","protected":false},"excerpt":{"rendered":"<p>KONTAKTTransport Spedycja Tel. +48 697 700 391Tel. +48 603 377 332Tel. +48 693 377 377Tel. +48 607 477 677 Fax +48 61 427 46 65 E-mail:\u00a0biuro@wedzikowski.plMagazyny Telefon: +48 603 377 377 E-mail: bartlomiej@wedzikowski.plMagazyny Tel. +48 603 377 377 E-mail:\u00a0bartlomiej@wedzikowski.plUs\u0142ugi maszynami budowlanymi Tel. +48 697 700 391 E-mail:\u00a0szymon@wedzikowski.pl DaneW\u0119dzikowski Sp. z o.o.Fa\u0142kowo 21a62-262 Fa\u0142kowoNIP: 784-24-67-050NIP UE: [&hellip;]<\/p>\n","protected":false},"author":1,"featured_media":0,"parent":0,"menu_order":0,"comment_status":"closed","ping_status":"closed","template":"","meta":{"_et_pb_use_builder":"on","_et_pb_old_content":"","_et_gb_content_width":"","footnotes":""},"_links":{"self":[{"href":"https:\/\/wedzikowski.pl\/index.php?rest_route=\/wp\/v2\/pages\/24"}],"collection":[{"href":"https:\/\/wedzikowski.pl\/index.php?rest_route=\/wp\/v2\/pages"}],"about":[{"href":"https:\/\/wedzikowski.pl\/index.php?rest_route=\/wp\/v2\/types\/page"}],"author":[{"embeddable":true,"href":"https:\/\/wedzikowski.pl\/index.php?rest_route=\/wp\/v2\/users\/1"}],"replies":[{"embeddable":true,"href":"https:\/\/wedzikowski.pl\/index.php?rest_route=%2Fwp%2Fv2%2Fcomments&post=24"}],"version-history":[{"count":3,"href":"https:\/\/wedzikowski.pl\/index.php?rest_route=\/wp\/v2\/pages\/24\/revisions"}],"predecessor-version":[{"id":298,"href":"https:\/\/wedzikowski.pl\/index.php?rest_route=\/wp\/v2\/pages\/24\/revisions\/298"}],"wp:attachment":[{"href":"https:\/\/wedzikowski.pl\/index.php?rest_route=%2Fwp%2Fv2%2Fmedia&parent=24"}],"curies":[{"name":"wp","href":"https:\/\/api.w.org\/{rel}","templated":true}]}}